{"id":109,"date":"2017-08-23T11:39:08","date_gmt":"2017-08-23T11:39:08","guid":{"rendered":"http:\/\/www.debstudio.com.ar\/?page_id=109"},"modified":"2019-04-30T13:32:58","modified_gmt":"2019-04-30T13:32:58","slug":"innova","status":"publish","type":"page","link":"https:\/\/www.debstudio.com.ar\/?page_id=109","title":{"rendered":"innova"},"content":{"rendered":"<h1 style=\"text-align: center;\"><a href=\"http:\/\/www.debstudio.com.ar\/wp-content\/uploads\/2019\/04\/ImgPostinoLogo.png\"><img loading=\"lazy\" class=\"alignnone wp-image-291\" src=\"http:\/\/www.debstudio.com.ar\/wp-content\/uploads\/2019\/04\/ImgPostinoLogo-300x262.png\" alt=\"\" width=\"172\" height=\"150\" srcset=\"https:\/\/www.debstudio.com.ar\/wp-content\/uploads\/2019\/04\/ImgPostinoLogo-300x262.png 300w, https:\/\/www.debstudio.com.ar\/wp-content\/uploads\/2019\/04\/ImgPostinoLogo.png 315w\" sizes=\"(max-width: 172px) 100vw, 172px\" \/><\/a><\/h1>\n<h1><span style=\"color: #353535;\">Objeto<\/span><\/h1>\n<p>Entendemos que la comunicaci\u00f3n de la informaci\u00f3n es vital para cualquier ambiente donde existe al menos un emisor y un receptor, hoy en d\u00eda se dispone en el mercado de muchas herramientas que nos permiten establecer canales de comunicaci\u00f3n, pero las mismas generalmente son dif\u00edciles de implementar debido a que \u00a0sus objetivos son generales y no espec\u00edficos.<\/p>\n<h1><span style=\"color: #353535;\">\u00bfComo Funciona?<\/span><\/h1>\n<p>Desde la web, mediante el administrador de novedades, se construye el mensaje con texto descriptivo, link relacionado, imagen principal y secundarias, a continuaci\u00f3n, se realizan las siguientes funciones para publicar la novedad en la app:<\/p>\n<ul>\n<li>Selecci\u00f3n del o los grupo\/s que podr\u00e1n visualizar dicha novedad.<\/li>\n<li>Solicitud de moderaci\u00f3n de la novedad.<\/li>\n<li>Autorizaci\u00f3n de publicaci\u00f3n.<\/li>\n<\/ul>\n<h1><span style=\"color: #353535;\">\u00bfInversi\u00f3n?<\/span><\/h1>\n<p>No se requiere ning\u00fan tipo de inversi\u00f3n en hardware, nuestras plataformas est\u00e1n en servidores que garantizan la estabilidad y funcionalidad de la aplicaci\u00f3n.<\/p>\n<h1><span style=\"color: #353535;\">Dise\u00f1o a Medida<\/span><\/h1>\n<p>Aplicamos el dise\u00f1o b\u00e1sico de la entidad que proveer\u00e1 de informaci\u00f3n para sus clientes, socios o interesados.<\/p>\n<p>Gestionamos lo necesario como para que la aplicaci\u00f3n de tu entidad se encuentre en el Play Store y as\u00ed tus usuarios podr\u00e1n descargar la app desde el dispositivo.<\/p>\n","protected":false},"excerpt":{"rendered":"<p>Objeto Entendemos que la comunicaci\u00f3n de la informaci\u00f3n es vital para cualquier ambiente donde existe al menos un emisor y un receptor, hoy en d\u00eda se dispone en el mercado de muchas herramientas que nos permiten establecer canales de comunicaci\u00f3n, pero las mismas generalmente son dif\u00edciles de implementar debido a que \u00a0sus objetivos son generales..<\/p>\n","protected":false},"author":1,"featured_media":0,"parent":0,"menu_order":0,"comment_status":"closed","ping_status":"closed","template":"","meta":[],"_links":{"self":[{"href":"https:\/\/www.debstudio.com.ar\/index.php?rest_route=\/wp\/v2\/pages\/109"}],"collection":[{"href":"https:\/\/www.debstudio.com.ar\/index.php?rest_route=\/wp\/v2\/pages"}],"about":[{"href":"https:\/\/www.debstudio.com.ar\/index.php?rest_route=\/wp\/v2\/types\/page"}],"author":[{"embeddable":true,"href":"https:\/\/www.debstudio.com.ar\/index.php?rest_route=\/wp\/v2\/users\/1"}],"replies":[{"embeddable":true,"href":"https:\/\/www.debstudio.com.ar\/index.php?rest_route=%2Fwp%2Fv2%2Fcomments&post=109"}],"version-history":[{"count":6,"href":"https:\/\/www.debstudio.com.ar\/index.php?rest_route=\/wp\/v2\/pages\/109\/revisions"}],"predecessor-version":[{"id":294,"href":"https:\/\/www.debstudio.com.ar\/index.php?rest_route=\/wp\/v2\/pages\/109\/revisions\/294"}],"wp:attachment":[{"href":"https:\/\/www.debstudio.com.ar\/index.php?rest_route=%2Fwp%2Fv2%2Fmedia&parent=109"}],"curies":[{"name":"wp","href":"https:\/\/api.w.org\/{rel}","templated":true}]}}