{"id":285,"date":"2018-11-30T18:24:56","date_gmt":"2018-11-30T18:24:56","guid":{"rendered":"http:\/\/www.debstudio.com.ar\/?page_id=285"},"modified":"2018-11-30T18:26:34","modified_gmt":"2018-11-30T18:26:34","slug":"privacidad","status":"publish","type":"page","link":"https:\/\/www.debstudio.com.ar\/?page_id=285","title":{"rendered":"Privacidad"},"content":{"rendered":"\t\t<div data-elementor-type=\"wp-page\" data-elementor-id=\"285\" class=\"elementor elementor-285 elementor-bc-flex-widget\" data-elementor-settings=\"[]\">\n\t\t\t\t\t\t<div class=\"elementor-inner\">\n\t\t\t\t\t\t\t<div class=\"elementor-section-wrap\">\n\t\t\t\t\t\t\t<section class=\"elementor-section elementor-top-section elementor-element elementor-element-d7cce47 elementor-section-boxed elementor-section-height-default elementor-section-height-default\" data-id=\"d7cce47\" data-element_type=\"section\">\n\t\t\t\t\t\t<div class=\"elementor-container elementor-column-gap-default\">\n\t\t\t\t\t\t\t<div class=\"elementor-row\">\n\t\t\t\t\t<div class=\"elementor-column elementor-col-100 elementor-top-column elementor-element elementor-element-ebbf2c1\" data-id=\"ebbf2c1\" data-element_type=\"column\">\n\t\t\t<div class=\"elementor-column-wrap elementor-element-populated\">\n\t\t\t\t\t\t\t<div class=\"elementor-widget-wrap\">\n\t\t\t\t\t\t<div class=\"elementor-element elementor-element-f1b0343 elementor-widget elementor-widget-text-editor\" data-id=\"f1b0343\" data-element_type=\"widget\" data-widget_type=\"text-editor.default\">\n\t\t\t\t<div class=\"elementor-widget-container\">\n\t\t\t\t\t<div class=\"elementor-text-editor elementor-clearfix\"><h1><strong><u>POL\u00cdTICA DE PRIVACIDAD<\/u><\/strong><\/h1><p>Nuestra pol\u00edtica de privacidad se aplica al uso de las aplicaciones inform\u00e1ticas creadas y\/o comercializadas por nuestra empresa, as\u00ed como a todos los servicios que se contraten.<\/p><p>La utilizaci\u00f3n de los servicios de DEBSTUDIO SA INGENIERIA DE SOFTWARE implica la aceptaci\u00f3n\u00a0 sin reservas de todas y cada una de las disposiciones incluidas en nuestro servicios y que exponemos a continuaci\u00f3n. De no aceptar estas disposiciones, \u00a0no se deben utilizar las aplicaciones antes mencionadas.<\/p><p>Nos reservamos el derecho a modificar, total o parcialmente esta Pol\u00edtica de Privacidad. Se aconseja que consulte la misma peri\u00f3dicamente por cualquier cambio, ya que el uso continuado ser\u00e1 considerado como la aprobaci\u00f3n de todos los cambios efectuados. Puede comprobar el historial de esta pol\u00edtica en <a href=\"http:\/\/www.debstudio.com.ar\/Privacidad\" data-cke-saved-href=\"http:\/\/www.debstudio.com.ar\/Privacidad\">www.debstudio.com.ar\/Privacidad<\/a>.<\/p><h2><strong>I)Informaci\u00f3n que\u00a0 obtiene la aplicaci\u00f3n y su utilizaci\u00f3n.<\/strong><\/h2><p>-La aplicaci\u00f3n obtiene la informaci\u00f3n que proporciona el usuario cuando se descarga y se registra la aplicaci\u00f3n. Para utilizar algunos de los servicios o acceder a determinados contenidos, deber\u00e1 proporcionar previamente ciertos datos de car\u00e1cter personal, que solo ser\u00e1n utilizados para el prop\u00f3sito que fueron recopilados.<\/p><p>Cuando se registre con nosotros y utilice la aplicaci\u00f3n, por lo general, deber\u00e1 proporcionar (a) su nombre, nro de socio y direcci\u00f3n de correo electr\u00f3nico al administrador de la aplicacion, (b) la informaci\u00f3n que usted nos proporciona cuando se comunica con nosotros en busca de ayuda, y (c) la informaci\u00f3n que introduce en nuestro sistema al utilizar la aplicaci\u00f3n, tales como informaci\u00f3n de contacto y la informaci\u00f3n de gesti\u00f3n de proyectos.<\/p><p>-Adem\u00e1s, la aplicaci\u00f3n puede recopilar cierta informaci\u00f3n autom\u00e1ticamente, incluyendo los dispositivos m\u00f3viles de identificaci\u00f3n \u00fanica del dispositivo, la direcci\u00f3n IP de su dispositivo m\u00f3vil, el sistema operativo m\u00f3vil, el tipo de m\u00f3vil navegadores de Internet que utiliza, y la informaci\u00f3n sobre el modo de usar la aplicaci\u00f3n.<\/p><h2><strong>II)Protecci\u00f3n de datos personales<\/strong><\/h2><p>C\u00f3mo principio general, estas aplicaciones no comparten ni revelan informaci\u00f3n obtenida, excepto cuando haya sido autorizada por el usuario, o en los siguientes casos: a) Cuando le sea requerido por una autoridad competente y previo el cumplimiento del tr\u00e1mite legal correspondiente y b) Cuando a juicio de esta aplicaci\u00f3n sea necesario para hacer cumplir las condiciones de uso y dem\u00e1s t\u00e9rminos de la aplicaci\u00f3n, c)o para salvaguardar la integridad de los dem\u00e1s usuarios o de la aplicaci\u00f3n.<\/p><p>Si el usuario voluntariamente revela informaci\u00f3n personal en l\u00ednea en un \u00e1rea p\u00fablica, esa informaci\u00f3n puede ser recogida y usada por otros programas. Nosotros no controlamos las acciones de nuestros visitantes y usuarios.<\/p><p>Podemos utilizar la informaci\u00f3n que el usuario ha facilitado para comunicarle informaci\u00f3n importante, noticias y promociones de marketing .<\/p><p>No se recoge informaci\u00f3n precisa sobre la ubicaci\u00f3n de su dispositivo m\u00f3vil.<\/p><p><strong>V<\/strong>amos a compartir su informaci\u00f3n con terceros s\u00f3lo en las formas que se describen en esta declaraci\u00f3n de privacidad y que por lo tanto hayan sido autorizadas por los usuarios.<\/p><p>Podemos revelar informaci\u00f3n que los usuarios proveen o que se recave autom\u00e1ticamente por la aplicaci\u00f3n:<\/p><ul><li>Cuando creemos de buena fe que dicha divulgaci\u00f3n es necesaria para proteger nuestros derechos, la protecci\u00f3n de su seguridad o la seguridad de otros, investigar el fraude, o para responder a una solicitud del gobierno;<\/li><li>Con nuestros proveedores de servicios de confianza que trabajan en nuestro nombre, no tienen un uso independiente de la informaci\u00f3n que divulgamos a ellos, y han acordado adherirse a las reglas establecidas en esta declaraci\u00f3n de privacidad.<\/li><li>Si debSTUDIO est\u00e1 involucrada en una fusi\u00f3n, adquisici\u00f3n o venta de la totalidad o una parte de sus activos, se le notificar\u00e1 por correo electr\u00f3nico y\/o un aviso destacado en nuestro sitio Web de cualquier cambio en la propiedad o la utilizaci\u00f3n de esta informaci\u00f3n, as\u00ed como las opciones que usted puede tener con respecto a esta informaci\u00f3n.<\/li><\/ul><p><strong>III)Pol\u00edtica de Retenci\u00f3n de Datos y Gesti\u00f3n de la Informaci\u00f3n<\/strong><\/p><p>Vamos a conservar los datos de cada usuario por el tiempo que se utilice la aplicaci\u00f3n y durante un plazo razonable. Vamos a conservar la informaci\u00f3n recopilada autom\u00e1ticamente hasta por 3 A\u00d1OS y, posteriormente, se puede guardar definitivamente. Si desea que eliminemos los datos del usuario que han sido proporcionados a trav\u00e9s de la aplicaci\u00f3n, p\u00f3ngase en contacto con nosotros en <a href=\"mailto:apps@debstudio.com.ar\" data-cke-saved-href=\"mailto:apps@debstudio.com.ar\">apps@debstudio.com.ar<\/a> y le responderemos en un plazo razonable. Tenga en cuenta que algunos o todos los datos que proporcionaron los usuarios pueden ser requeridos para que la aplicaci\u00f3n funcione correctamente.<\/p><h2><strong>IV)Seguridad<\/strong><\/h2><p>Estamos preocupados por salvaguardar la confidencialidad de su informaci\u00f3n. Proveemos de un sistema de seguridad y perfiles que son los encargados de autorizar o desautorizar socios y\/o dispositivos, adem\u00e1s las novedades son moderadas por los usuarios con perfil moderador mediante un proceso de autorizaci\u00f3n v\u00eda email.<\/p><p>Tenga en cuenta que, aunque nos esforzamos por proporcionar seguridad razonable de informaci\u00f3n que procesamos y mantenemos, ning\u00fan sistema de seguridad puede prevenir todas las brechas de seguridad potenciales.<\/p><p>Su Consentimiento Mediante el uso de la aplicaci\u00f3n, usted acepta nuestro procesamiento de sus datos en los t\u00e9rminos de esta Pol\u00edtica de Privacidad de vez en cuando modificado por nosotros.<\/p><p>Cont\u00e1ctenos Si usted tiene alguna pregunta respecto a la privacidad durante el uso de la aplicaci\u00f3n, o si tiene preguntas sobre nuestras pr\u00e1cticas, por favor p\u00f3ngase en contacto con nosotros por correo electr\u00f3nico a <a href=\"mailto:apps@debstudiocom.ar\" data-cke-saved-href=\"mailto:apps@debstudiocom.ar\">apps@debstudiocom.ar<\/a> .<\/p><\/div>\n\t\t\t\t<\/div>\n\t\t\t\t<\/div>\n\t\t\t\t\t\t<\/div>\n\t\t\t\t\t<\/div>\n\t\t<\/div>\n\t\t\t\t\t\t\t\t<\/div>\n\t\t\t\t\t<\/div>\n\t\t<\/section>\n\t\t\t\t\t\t<\/div>\n\t\t\t\t\t\t<\/div>\n\t\t\t\t\t<\/div>\n\t\t","protected":false},"excerpt":{"rendered":"<p>POL\u00cdTICA DE PRIVACIDAD Nuestra pol\u00edtica de privacidad se aplica al uso de las aplicaciones inform\u00e1ticas creadas y\/o comercializadas por nuestra empresa, as\u00ed como a todos los servicios que se contraten. La utilizaci\u00f3n de los servicios de DEBSTUDIO SA INGENIERIA DE SOFTWARE implica la aceptaci\u00f3n\u00a0 sin reservas de todas y cada una de las disposiciones incluidas..<\/p>\n","protected":false},"author":1,"featured_media":0,"parent":0,"menu_order":0,"comment_status":"closed","ping_status":"closed","template":"","meta":[],"_links":{"self":[{"href":"https:\/\/www.debstudio.com.ar\/index.php?rest_route=\/wp\/v2\/pages\/285"}],"collection":[{"href":"https:\/\/www.debstudio.com.ar\/index.php?rest_route=\/wp\/v2\/pages"}],"about":[{"href":"https:\/\/www.debstudio.com.ar\/index.php?rest_route=\/wp\/v2\/types\/page"}],"author":[{"embeddable":true,"href":"https:\/\/www.debstudio.com.ar\/index.php?rest_route=\/wp\/v2\/users\/1"}],"replies":[{"embeddable":true,"href":"https:\/\/www.debstudio.com.ar\/index.php?rest_route=%2Fwp%2Fv2%2Fcomments&post=285"}],"version-history":[{"count":2,"href":"https:\/\/www.debstudio.com.ar\/index.php?rest_route=\/wp\/v2\/pages\/285\/revisions"}],"predecessor-version":[{"id":288,"href":"https:\/\/www.debstudio.com.ar\/index.php?rest_route=\/wp\/v2\/pages\/285\/revisions\/288"}],"wp:attachment":[{"href":"https:\/\/www.debstudio.com.ar\/index.php?rest_route=%2Fwp%2Fv2%2Fmedia&parent=285"}],"curies":[{"name":"wp","href":"https:\/\/api.w.org\/{rel}","templated":true}]}}