{"id":39,"date":"2015-09-01T01:19:30","date_gmt":"2015-09-01T01:19:30","guid":{"rendered":"http:\/\/63.142.251.160\/debstudio\/?page_id=39"},"modified":"2018-10-18T19:12:22","modified_gmt":"2018-10-18T19:12:22","slug":"enlatados","status":"publish","type":"page","link":"https:\/\/www.debstudio.com.ar\/?page_id=39","title":{"rendered":"Productos"},"content":{"rendered":"<p>[vc_row][vc_column][vc_column_text]<\/p>\n<p>Contamos con productos desarrollados que le ayudar\u00e1n a llevar a cabo las tareas de su negocio brindando un soporte adecuado para la toma de decisiones.<\/p>\n<p>[\/vc_column_text][vc_separator][\/vc_column][\/vc_row][vc_row][vc_column width=\u00bb1\/2&#8243;][vc_single_image image=\u00bb13&#8243; style=\u00bbvc_box_shadow_circle_2&#8243; css_animation=\u00bbappear\u00bb title=\u00bbGNagus &#8211; Sistema de Gesti\u00f3n Empresarial\u00bb][\/vc_column][vc_column width=\u00bb1\/2&#8243;][vc_column_text]<\/p>\n<p>Sistema de Gesti\u00f3n\u00a0 desarrollado en plataforma web para que pueda ser accedido desde su intranet o internet seg\u00fan sus necesidades.<\/p>\n<p>[\/vc_column_text][\/vc_column][\/vc_row][vc_row][vc_column width=\u00bb1\/2&#8243;][vc_single_image image=\u00bb70&#8243; style=\u00bbvc_box_shadow_circle_2&#8243; onclick=\u00bbcustom_link\u00bb img_link_target=\u00bb_blank\u00bb css_animation=\u00bbappear\u00bb title=\u00bbZAMBA express &#8211; Facturaci\u00f3n Electr\u00f3nica\u00bb link=\u00bbhttp:\/\/www.zambagestion.com.ar\u00bb][\/vc_column][vc_column width=\u00bb1\/2&#8243;][vc_column_text]<\/p>\n<p><strong><em>GNagus express <\/em><\/strong>es un sistema Online que le permitir\u00e1 emitir Factura Electr\u00f3nica sin necesidad de implementar hardware adicional. Cont\u00e1ctenos y lo asesoraremos.<\/p>\n<p>[\/vc_column_text][vc_facebook type=\u00bbbutton_count\u00bb][\/vc_column][\/vc_row]<\/p>\n","protected":false},"excerpt":{"rendered":"<p>[vc_row][vc_column][vc_column_text] Contamos con productos desarrollados que le ayudar\u00e1n a llevar a cabo las tareas de su negocio brindando un soporte adecuado para la toma de decisiones. [\/vc_column_text][vc_separator][\/vc_column][\/vc_row][vc_row][vc_column width=\u00bb1\/2&#8243;][vc_single_image image=\u00bb13&#8243; style=\u00bbvc_box_shadow_circle_2&#8243; css_animation=\u00bbappear\u00bb title=\u00bbGNagus &#8211; Sistema de Gesti\u00f3n Empresarial\u00bb][\/vc_column][vc_column width=\u00bb1\/2&#8243;][vc_column_text] Sistema de Gesti\u00f3n\u00a0 desarrollado en plataforma web para que pueda ser accedido desde su intranet o internet..<\/p>\n","protected":false},"author":1,"featured_media":0,"parent":0,"menu_order":0,"comment_status":"closed","ping_status":"closed","template":"","meta":[],"_links":{"self":[{"href":"https:\/\/www.debstudio.com.ar\/index.php?rest_route=\/wp\/v2\/pages\/39"}],"collection":[{"href":"https:\/\/www.debstudio.com.ar\/index.php?rest_route=\/wp\/v2\/pages"}],"about":[{"href":"https:\/\/www.debstudio.com.ar\/index.php?rest_route=\/wp\/v2\/types\/page"}],"author":[{"embeddable":true,"href":"https:\/\/www.debstudio.com.ar\/index.php?rest_route=\/wp\/v2\/users\/1"}],"replies":[{"embeddable":true,"href":"https:\/\/www.debstudio.com.ar\/index.php?rest_route=%2Fwp%2Fv2%2Fcomments&post=39"}],"version-history":[{"count":15,"href":"https:\/\/www.debstudio.com.ar\/index.php?rest_route=\/wp\/v2\/pages\/39\/revisions"}],"predecessor-version":[{"id":337,"href":"https:\/\/www.debstudio.com.ar\/index.php?rest_route=\/wp\/v2\/pages\/39\/revisions\/337"}],"wp:attachment":[{"href":"https:\/\/www.debstudio.com.ar\/index.php?rest_route=%2Fwp%2Fv2%2Fmedia&parent=39"}],"curies":[{"name":"wp","href":"https:\/\/api.w.org\/{rel}","templated":true}]}}